{"id":4629,"date":"2023-04-24T07:11:23","date_gmt":"2023-04-24T07:11:23","guid":{"rendered":"https:\/\/www.bpxport.es\/canal-etico\/"},"modified":"2026-02-17T08:50:26","modified_gmt":"2026-02-17T08:50:26","slug":"canal-etico","status":"publish","type":"page","link":"http:\/\/bpxport.es\/ca\/canal-etico\/","title":{"rendered":"Canal \u00c8tic"},"content":{"rendered":"<p style=\"text-align: justify;\">BPXport posa a la vostra disposici\u00f3 el vostre Canal \u00c8tic perqu\u00e8 les persones f\u00edsiques relacionades amb les seves activitats puguin informar, de forma confidencial, sobre qualsevol acci\u00f3 o omissi\u00f3 que pugui constituir una infracci\u00f3 legal, especialment de naturalesa penal o administrativa.<\/p>\n<p style=\"text-align: justify;\">BPXport mant\u00e9 una pol\u00edtica corporativa d&#8217;\u00e8tica empresarial basada en el principi de <strong>toler\u00e0ncia zero<\/strong> cap a la comissi\u00f3 d&#8217;actes il\u00b7l\u00edcits, incompliments normatius o qualsevol mena de corrupci\u00f3, ab\u00fas o discriminaci\u00f3.<\/p>\n<p style=\"text-align: justify;\"><img loading=\"lazy\" decoding=\"async\" class=\"wp-image-6310 size-medium alignright\" src=\"http:\/\/bpxport.es\/wp-content\/uploads\/2023\/06\/Tolerancia-cero-300x223.png\" alt=\"\" width=\"300\" height=\"223\" data-wp-editing=\"1\" srcset=\"https:\/\/bpxport.es\/wp-content\/uploads\/2023\/06\/Tolerancia-cero-300x223.png 300w, https:\/\/bpxport.es\/wp-content\/uploads\/2023\/06\/Tolerancia-cero-1024x761.png 1024w, https:\/\/bpxport.es\/wp-content\/uploads\/2023\/06\/Tolerancia-cero-768x571.png 768w, https:\/\/bpxport.es\/wp-content\/uploads\/2023\/06\/Tolerancia-cero-1536x1142.png 1536w, https:\/\/bpxport.es\/wp-content\/uploads\/2023\/06\/Tolerancia-cero-2048x1523.png 2048w\" sizes=\"auto, (max-width: 300px) 100vw, 300px\" \/><\/p>\n<p style=\"text-align: justify;\">La gesti\u00f3 del nostre Canal \u00c8tic \u00e9s realitzada per una empresa externa, amb la finalitat de dotar les comunicacions que es rebin de la major confidencialitat i objectivitat possible.<\/p>\n<p style=\"text-align: justify;\">La utilitzaci\u00f3 del canal \u00e8tic requereix l&#8217;actuaci\u00f3 de bona fe per part de les persones usu\u00e0ries. La informaci\u00f3 que faciliti a trav\u00e9s del canal \u00e8tic ha de ser vera\u00e7 i exclusivament relativa a una acci\u00f3 o omissi\u00f3 que pugui constituir una infracci\u00f3 legal. Queda exclosa la utilitzaci\u00f3 del Canal \u00c8tic per a altres finalitats.<\/p>\n<p style=\"text-align: justify;\">La normativa garanteix l&#8217;abs\u00e8ncia de repres\u00e0lies envers les persones que facin un bon \u00fas del Canal \u00c8tic, per\u00f2 tamb\u00e9 estableix sancions per als casos en qu\u00e8 s&#8217;utilitzi de mala fe com ara comunicar informacions falses o incompletes.<\/p>\n<p style=\"text-align: justify;\">El Canal \u00c8tic est\u00e0 disponible aqu\u00ed: <a href=\"https:\/\/centinela.lefebvre.es\/public\/concept\/2376688?access=j4CayRY2VNIqVhV0BZdY60R4dBqDP7P6qneJ9tVTh6g%3D\" target=\"_blank\" rel=\"noopener\">Canal \u00c9tic<\/a><\/p>\n<p style=\"text-align: justify;\">El funcionament del nostre Canal \u00c8tic i Sistema Intern d&#8217;Informaci\u00f3 s&#8217;ajustar\u00e0 en tot moment al que estableix la Directiva de la Uni\u00f3 Europea 2019\/1937 relativa a la protecci\u00f3 de les persones que informin sobre infraccions del Dret de la Uni\u00f3, a la Llei 2 \/2023, de 20 de febrer, reguladora de la protecci\u00f3 de les persones que informin sobre infraccions normatives i de lluita contra la corrupci\u00f3, aix\u00ed com en altres normes que les complementin, desenvolupin o substitueixin.<\/p>\n<p style=\"text-align: justify;\">Si voleu m\u00e9s informaci\u00f3 sobre aquest tema, podeu posar-vos en contacte amb nosaltres a l&#8217;adre\u00e7a de correu electr\u00f2nic: <strong>info@bpxport.es<\/strong><\/p>\n","protected":false},"excerpt":{"rendered":"<p>BPXport posa a la vostra disposici\u00f3 el vostre Canal \u00c8tic perqu\u00e8 les persones f\u00edsiques relacionades amb les seves activitats puguin &#8230; <a title=\"Canal \u00c8tic\" class=\"read-more\" href=\"http:\/\/bpxport.es\/ca\/canal-etico\/\" aria-label=\"M\u00e9s informaci\u00f3 sobre Canal \u00c8tic\">Leer m\u00e1s<\/a><\/p>\n","protected":false},"author":1,"featured_media":0,"parent":0,"menu_order":0,"comment_status":"closed","ping_status":"closed","template":"","meta":{"_acf_changed":false,"footnotes":""},"categories":[],"tags":[],"class_list":["post-4629","page","type-page","status-publish"],"acf":[],"_links":{"self":[{"href":"https:\/\/bpxport.es\/ca\/wp-json\/wp\/v2\/pages\/4629","targetHints":{"allow":["GET"]}}],"collection":[{"href":"https:\/\/bpxport.es\/ca\/wp-json\/wp\/v2\/pages"}],"about":[{"href":"https:\/\/bpxport.es\/ca\/wp-json\/wp\/v2\/types\/page"}],"author":[{"embeddable":true,"href":"https:\/\/bpxport.es\/ca\/wp-json\/wp\/v2\/users\/1"}],"replies":[{"embeddable":true,"href":"https:\/\/bpxport.es\/ca\/wp-json\/wp\/v2\/comments?post=4629"}],"version-history":[{"count":14,"href":"https:\/\/bpxport.es\/ca\/wp-json\/wp\/v2\/pages\/4629\/revisions"}],"predecessor-version":[{"id":13053,"href":"https:\/\/bpxport.es\/ca\/wp-json\/wp\/v2\/pages\/4629\/revisions\/13053"}],"wp:attachment":[{"href":"https:\/\/bpxport.es\/ca\/wp-json\/wp\/v2\/media?parent=4629"}],"wp:term":[{"taxonomy":"category","embeddable":true,"href":"https:\/\/bpxport.es\/ca\/wp-json\/wp\/v2\/categories?post=4629"},{"taxonomy":"post_tag","embeddable":true,"href":"https:\/\/bpxport.es\/ca\/wp-json\/wp\/v2\/tags?post=4629"}],"curies":[{"name":"wp","href":"https:\/\/api.w.org\/{rel}","templated":true}]}}