{"id":4754,"date":"2023-02-10T17:03:23","date_gmt":"2023-02-10T17:03:23","guid":{"rendered":"https:\/\/www.bpxport.es\/aviso-legal\/"},"modified":"2026-02-23T13:52:55","modified_gmt":"2026-02-23T13:52:55","slug":"aviso-legal","status":"publish","type":"page","link":"http:\/\/bpxport.es\/ca\/aviso-legal\/","title":{"rendered":"Av\u00eds legal"},"content":{"rendered":"<h5><strong>Informaci\u00f3 legal<\/strong><\/h5>\n<p>En compliment de la normativa vigent us informem que el domini d&#8217;internet <a href=\"http:\/\/bpxport.es\/ca\/\">www.bpxport.es<\/a> (d&#8217;ara endavant \u201c<strong>el lloc web<\/strong>\u201d), \u00e9s titularitat de JUSTBPXPORT, S.L. (d&#8217;ara endavant \u201c<strong>BPXport<\/strong>\u201d), amb CIF <span class=\"ui-provider fz b c d e f g h i j k l m n o p q r s t u v w x y z ab ac ae af ag ah ai aj ak\" dir=\"ltr\">B01801745<\/span>, seu al Carrer Gurutzegi 12, 1r, local 8, del Pol\u00edgon Belartza, el 20018 Donostia \/ Sant Sebasti\u00e0 (Gipuzkoa), tel\u00e8fon 943672459 i correu electr\u00f2nic <em>lopd@cdo-fitness.com<\/em> el Registre Mercantil de Gipuzkoa al Tom 2220, Foli 81, Secci\u00f3 8, Full SS-26867.<\/p>\n<p>BPXport t\u00e9 per objecte principal la gesti\u00f3 i assist\u00e8ncia t\u00e8cnica en l&#8217;\u00e0mbit de l&#8217;esport, i actua com a \u201c<strong>Responsable del Tractament<\/strong>\u201d (o si escau com a \u201c<strong>Encarregat de Tractament<\/strong>\u201d) en relaci\u00f3 amb els tractaments de dades personals (persones usu\u00e0ries del lloc web) , sol\u00b7licitants d&#8217;informaci\u00f3, etc.) que es fan a trav\u00e9s d&#8217;aquest lloc web. Aix\u00f2 no obstant, en aquells casos en qu\u00e8 BPXport publiqui not\u00edcies i enlla\u00e7os a llocs web o xarxes socials externes, la seva funci\u00f3 \u00e9s merament informativa i els possibles tractaments de dades personals que es puguin produir en relaci\u00f3 amb els continguts de not\u00edcies i enlla\u00e7os i la seva utilitzaci\u00f3 per part de les persones usu\u00e0ries no s\u00f3n titularitat de BPXport.<\/p>\n<p>La persona que visita i utilitza aquest lloc web \u00e9s usu\u00e0ria del lloc web (d&#8217;ara endavant \u201c<strong>la persona usu\u00e0ria<\/strong>\u201d).<\/p>\n<p><strong>1. Finalitats<\/strong><\/p>\n<p>Les finalitats principals del lloc web s\u00f3n donar a con\u00e8ixer, oferir i gestionar els serveis esportius de BPXport; proporcionar una eina de contacte, consulta i comunicaci\u00f3 amb les persones interessades, responent a sol\u00b7licituds i peticions; i informar, organitzar i difondre les activitats i iniciatives en qu\u00e8 BPXport participi.<\/p>\n<p><strong>2. Condicions d&#8217;\u00fas<\/strong><\/p>\n<p>La persona usu\u00e0ria accedeix a aquest lloc web de manera volunt\u00e0ria. L&#8217;acc\u00e9s a aquest lloc web t\u00e9 car\u00e0cter gratu\u00eft. La navegaci\u00f3 en aquest lloc web implica acceptar i con\u00e8ixer les advert\u00e8ncies legals, condicions i termes d&#8217;\u00fas, pol\u00edtica de privadesa i pol\u00edtica de cookies continguts en ell. Si la persona usu\u00e0ria no est\u00e0 dacord amb aquestes condicions i no les accepta sense reserva, no podr\u00e0 fer \u00fas del lloc web.<\/p>\n<p>L&#8217;acc\u00e9s al lloc web, aix\u00ed com l&#8217;\u00fas que es pugui fer de la informaci\u00f3 i les utilitats que cont\u00e9, s\u00f3n de l&#8217;exclusiva responsabilitat de la persona usu\u00e0ria, que es compromet a utilitzar-lo amb respecte a la bona fe, a l&#8217;ordenament jur\u00eddic, de manera \u00e8tica i dacord amb les seves finalitats. La persona usu\u00e0ria no pot fer un \u00fas il\u00b7l\u00edcit de la informaci\u00f3 i utilitats contingudes al lloc web, ni dur a terme accions que puguin danyar-ne o alterar-ne el contingut, funcionament, els sistemes inform\u00e0tics del lloc web, de BPXport o d&#8217;altres persones usu\u00e0ries.<\/p>\n<p>Queda prohibida la inclusi\u00f3 i la comunicaci\u00f3 de continguts, per part de les persones usu\u00e0ries, que siguin falsos o inexactes i que indueixin o puguin induir a error a BPXport, les persones usu\u00e0ries del lloc web o tercers. Queda prohibit l&#8217;\u00fas de dades personals de tercers sense el seu consentiment previ i expr\u00e9s, aix\u00ed com l&#8217;\u00fas de dades identificatives de tercers amb l&#8217;\u00e0nim de suplantar-ne la identitat. La persona usu\u00e0ria ser\u00e0 l\u00fanica responsable dels perjudicis que causi.<\/p>\n<p><strong>3. Exclusi\u00f3 de garanties i responsabilitat<\/strong><\/p>\n<p>BPXport realitza els m\u00e0xims esfor\u00e7os al vostre abast per evitar errors en els continguts i utilitats que es publiquen al lloc web, reservant-se la facultat de poder modificar-los en qualsevol moment. BPXport declina expressament qualsevol responsabilitat per error o omissi\u00f3 en els continguts d&#8217;aquest lloc web i dels danys i perjudicis que puguin ser deguts a la seva manca de veracitat, exactitud o actualitzaci\u00f3.<\/p>\n<p>El lloc web pot oferir enlla\u00e7os a altres llocs web. BPXport no assumeix cap responsabilitat en relaci\u00f3 amb aquests llocs enlla\u00e7ats, ni els resultats de les cerques, ja que no t\u00e9 control sobre ells, el contingut, productes i serveis oferts, etc. La finalitat d&#8217;aquests enlla\u00e7os \u00e9s informar d&#8217;altres fonts d&#8217;informaci\u00f3, per la qual cosa la persona usu\u00e0ria accedeix sota la seva responsabilitat exclusiva al contingut i en les condicions d&#8217;\u00fas que hi regeixin. En el cas denlla\u00e7os a xarxes socials, titularitat de BPXport o de tercers, aquestes es regiran per les seves pr\u00f2pies condicions d\u00fas.<\/p>\n<p>BPXport no es responsabilitzar\u00e0 de cap conseq\u00fc\u00e8ncia, dany o perjudici que poguessin derivar-se de l\u00fas daquest lloc web o dels seus continguts i utilitats, inclosos danys inform\u00e0tics i la introducci\u00f3 de virus o qualsevol tipus de programari malici\u00f3s. BPXport no garanteix l&#8217;abs\u00e8ncia de virus ni d&#8217;altres elements nocius al lloc web, introdu\u00efts per terceres persones, que puguin produir alteracions en els sistemes f\u00edsics o l\u00f2gics de les persones usu\u00e0ries, per\u00f2 utilitza els mitjans al seu abast perqu\u00e8 aix\u00f2 no passi.<\/p>\n<p>BPXport es reserva el dret de modificar o esborrar en qualsevol moment, sense av\u00eds previ o justificaci\u00f3 expressa, el disseny, la configuraci\u00f3 i la informaci\u00f3 continguda en aquest lloc web, si aix\u00ed ho estima oport\u00fa i segons el seu criteri. BPXport no es fa responsable dels perjudicis que aquestes modificacions puguin causar. Aix\u00f2 no obstant, utilitzar\u00e0 els recursos que tingueu al vostre abast per informar les persones usu\u00e0ries d&#8217;aquestes modificacions.<\/p>\n<p><strong>4. Propietat intel\u00b7lectual<\/strong><\/p>\n<p>Els drets de propietat intel\u00b7lectual i industrial d&#8217;aquest lloc web i dels elements continguts, incloent-hi amb car\u00e0cter merament enunciatiu les p\u00e0gines, seccions, estructura, aparen\u00e7a, disseny, pantalles, la informaci\u00f3 i utilitats que cont\u00e9, codi font, textos, fotografies, imatges , so, \u00e0udios, v\u00eddeos, animacions, combinacions de colors, productes i serveis, marques, logotips, lemes, etc.) s\u00f3n propietat de BPXport, llevat que s&#8217;especifiqui una altra cosa.<\/p>\n<p>En cap cas l&#8217;acc\u00e9s o la navegaci\u00f3 al lloc web implica ren\u00fancia, transmissi\u00f3 o llic\u00e8ncia total o parcial de BPXport per a \u00fas personal o professional a la persona usu\u00e0ria sobre els seus drets de propietat intel\u00b7lectual i industrial.<\/p>\n<p>Queden prohibides la reproducci\u00f3, distribuci\u00f3, comercialitzaci\u00f3, comunicaci\u00f3 p\u00fablica, transformaci\u00f3 o qualsevol altra activitat que es pugui realitzar amb els continguts i les utilitats d&#8217;aquest lloc web, excepte autoritzaci\u00f3 pr\u00e8via, expressa i per escrit per part de BPXport.<\/p>\n<p>La persona usu\u00e0ria es compromet a no fer cap acci\u00f3 que perjudiqui la titularitat del lloc web i els seus continguts. La utilitzaci\u00f3 no autoritzada de la informaci\u00f3 i utilitats contingudes al lloc web, aix\u00ed com els perjudicis ocasionats en els drets de propietat intel\u00b7lectual i industrial de BPXport o, si escau, altres titulars, poden donar lloc a l&#8217;exercici de les accions que legalment corresponguin i, si escau, a les responsabilitats que se&#8217;n derivin d&#8217;aquest exercici, incloent-hi les de naturalesa econ\u00f2mica.<\/p>\n<p><strong>5. Vig\u00e8ncia i modificacions<\/strong><\/p>\n<p>BPXport es reserva el dret de modificar aquestes Condicions d&#8217;acord amb el seu criteri, b\u00e9 amb la finalitat d&#8217;adequar-se als canvis legislatius, b\u00e9 per tal de dur a terme altres tipus d&#8217;actualitzacions o millores. Aquestes modificacions seran v\u00e0lides des de la seva publicaci\u00f3 al lloc web. La relaci\u00f3 amb les persones usu\u00e0ries es regir\u00e0 per les normes previstes en el moment que s&#8217;accedeix al lloc web. \u00c9s per aix\u00f2 que BPXport us recomana revisar aquestes Condicions cada vegada que us connecteu al lloc web.<\/p>\n","protected":false},"excerpt":{"rendered":"<p>Informaci\u00f3 legal En compliment de la normativa vigent us informem que el domini d&#8217;internet www.bpxport.es (d&#8217;ara endavant \u201cel lloc web\u201d), &#8230; <a title=\"Av\u00eds legal\" class=\"read-more\" href=\"http:\/\/bpxport.es\/ca\/aviso-legal\/\" aria-label=\"M\u00e9s informaci\u00f3 sobre Av\u00eds legal\">Leer m\u00e1s<\/a><\/p>\n","protected":false},"author":1,"featured_media":0,"parent":0,"menu_order":0,"comment_status":"closed","ping_status":"closed","template":"","meta":{"_acf_changed":false,"footnotes":""},"categories":[],"tags":[],"class_list":["post-4754","page","type-page","status-publish"],"acf":[],"_links":{"self":[{"href":"https:\/\/bpxport.es\/ca\/wp-json\/wp\/v2\/pages\/4754","targetHints":{"allow":["GET"]}}],"collection":[{"href":"https:\/\/bpxport.es\/ca\/wp-json\/wp\/v2\/pages"}],"about":[{"href":"https:\/\/bpxport.es\/ca\/wp-json\/wp\/v2\/types\/page"}],"author":[{"embeddable":true,"href":"https:\/\/bpxport.es\/ca\/wp-json\/wp\/v2\/users\/1"}],"replies":[{"embeddable":true,"href":"https:\/\/bpxport.es\/ca\/wp-json\/wp\/v2\/comments?post=4754"}],"version-history":[{"count":6,"href":"https:\/\/bpxport.es\/ca\/wp-json\/wp\/v2\/pages\/4754\/revisions"}],"predecessor-version":[{"id":13054,"href":"https:\/\/bpxport.es\/ca\/wp-json\/wp\/v2\/pages\/4754\/revisions\/13054"}],"wp:attachment":[{"href":"https:\/\/bpxport.es\/ca\/wp-json\/wp\/v2\/media?parent=4754"}],"wp:term":[{"taxonomy":"category","embeddable":true,"href":"https:\/\/bpxport.es\/ca\/wp-json\/wp\/v2\/categories?post=4754"},{"taxonomy":"post_tag","embeddable":true,"href":"https:\/\/bpxport.es\/ca\/wp-json\/wp\/v2\/tags?post=4754"}],"curies":[{"name":"wp","href":"https:\/\/api.w.org\/{rel}","templated":true}]}}