{"id":11725,"date":"2024-07-03T08:07:52","date_gmt":"2024-07-03T08:07:52","guid":{"rendered":"https:\/\/www.bpxport.es\/?page_id=11725"},"modified":"2025-11-17T15:03:45","modified_gmt":"2025-11-17T15:03:45","slug":"prueba-gratis-1-dia","status":"publish","type":"page","link":"http:\/\/bpxport.es\/es\/prueba-gratis-1-dia\/","title":{"rendered":"Prueba gratis 1 d\u00eda"},"content":{"rendered":"<div id=\"pl-11725\"  class=\"panel-layout\" ><div id=\"pg-11725-0\"  class=\"panel-grid panel-has-style\" ><div class=\"panel-row-style panel-row-style-for-11725-0\" ><div id=\"pgc-11725-0-0\"  class=\"panel-grid-cell\" ><div id=\"panel-11725-0-0-0\" class=\"so-panel widget widget_sow-editor panel-first-child panel-last-child\" data-index=\"0\" ><div\n\t\t\t\n\t\t\tclass=\"so-widget-sow-editor so-widget-sow-editor-base\"\n\t\t\t\n\t\t>\n<div class=\"siteorigin-widget-tinymce textwidget\">\n\t<h2>Consigue tu prueba de 1 d\u00eda GRATIS<\/h2>\n<div class=\"x_elementToProof\">Si eres mayor de 16 a\u00f1os y quieres conocer nuestro centro\u00a0<strong>BPXport<\/strong>, d\u00e9janos tus datos y nos pondremos en contacto contigo para que puedas probar todo lo que te ofrecemos.<\/div>\n<p><span style=\"font-size: x-small;\"> <\/span><br \/>\n<span style=\"font-size: x-small;\">Solo se permite una prueba por persona. No se podr\u00e1 repetir la prueba.\u00a0 Se reserva el derecho de admisi\u00f3n en caso de no cumplir con las condiciones establecidas.<\/span><\/p>\n<\/div>\n<\/div><\/div><\/div><div id=\"pgc-11725-0-1\"  class=\"panel-grid-cell\" ><div class=\"panel-cell-style panel-cell-style-for-11725-0-1\" ><div id=\"panel-11725-0-1-0\" class=\"widget_text so-panel widget widget_custom_html panel-first-child panel-last-child\" data-index=\"1\" ><div class=\"textwidget custom-html-widget\"><!-- Form Acumbamail -->\n<form action=\"https:\/\/acumbamail.com\/newform\/subscribe\/uIyGO119ewkaEARJ6t8f1WkNFkel6Ry0a\/48646\/\" method=\"post\" class=\"yourFormCustomContainer\">\n\t<div class=\"yourFormCustomStyle\">\n\t\t<div style=\"width: 100%; position:relative;\">\n\t\t\t<label for=\"r0c0m2i2\">Nombre<\/label><input id=\"r0c0m2i2\" name=\"char_01\" type=\"text\" maxlength=\"128\" placeholder=\"\" required=\"\"\/><br \/>\n\t\t\t<label for=\"r0c0m2i3\">Apellido<\/label><input id=\"r0c0m2i3\" name=\"char_02\" type=\"text\" maxlength=\"128\" placeholder=\"\"\/><br \/>\n\t\t\t<label for=\"r0c0m2i4\">Tel\u00e9fono<\/label><input id=\"r0c0m2i4\" name=\"integer_1\" type=\"number\" required=\"\"\/><br \/>\n\t\t\t<label for=\"r0c0m2i5\">Email<\/label><input id=\"r0c0m2i5\" name=\"email_1\" type=\"email\" placeholder=\"\" required=\"\"\/><br \/>\n\t\t\t<label for=\"r0c0m2i6\">C\u00f3digo postal<\/label><input id=\"r0c0m2i6\" name=\"integer_2\" type=\"number\" max=\"99999\" min=\"1\"\/><br \/>\n\t\t\t<label for=\"r0c0m2i7\">\u00bfQu\u00e9 centro quieres probar?<\/label><select id=\"r0c0m2i7\" name=\"combobox_2\" required=\"\">\n\t\t\t\t\t\t\t\t\t\t<option value=\"Albolote\">Albolote<\/option>\n\t\t\t\t\t\t\t\t\t\t<option value=\"Ateneu\">Ateneu<\/option>\n\t\t\t\t\t\t\t\t\t\t<option value=\"Caparroso\">Caparroso<\/option>\n\t\t\t\t\t\t\t\t\t\t<option value=\"CDO Covaresa\">CDO Covaresa<\/option>\n\t\t\t\t\t\t\t\t\t\t<option value=\"CDO La Almendrera\">CDO La Almendrera<\/option>\n\t\t\t\t\t\t\t\t\t\t<option value=\"Entrambasaguas\">Entrambasaguas<\/option>\n\t\t\t\t\t\t\t\t\t\t<option value=\"Esportiu la Piscina\">Esportiu la Piscina<\/option>\n\t\t\t\t\t\t\t\t\t\t<option value=\"Lezo\">Lezo<\/option>\n\t\t\t\t\t\t\t\t\t\t<option value=\"Loja\">Loja<\/option>\n\t\t\t\t\t\t\t\t\t\t<option value=\"Oiartzun\">Oiartzun<\/option>\n\t\t\t\t\t\t\t\t\t\t<option value=\"Oliva\">Oliva<\/option>\n\t\t\t\t\t\t\t\t\t\t<option value=\"Orio\">Orio<\/option>\n\t\t\t\t\t\t\t\t\t\t<option value=\"Parc del Garraf\">Parc del Garraf<\/option>\n\t\t\t\t\t\t\t\t\t\t<option value=\"Puerto del Rosario\">Puerto del Rosario<\/option>\n\t\t\t\t\t\t\t\t\t\t<option value=\"Riberas\">Riberas<\/option>\n\t\t\t\t\t\t\t\t\t\t<option value=\"Solares\">Solares<\/option>\n\t\t\t\t\t\t\t\t\t\t<option value=\"Zuhaizti\">Zuhaizti<\/option>\n\t\t\t\t\t\t\t\t\t<\/select><br \/>\n\t\t\t<span class=\"bee-form-option-wrapper\"><input id=\"r0c0m2i8\" name=\"boolean_1\" type=\"checkbox\"\/><label class=\"inline\" for=\"r0c0m2i8\"> Acepto recibir ofertas y promociones de BPXport<\/label><\/span><br \/>\n<span class=\"bee-form-option-wrapper\"><input id=\"r0c0m2i9\" name=\"boolean_2\" type=\"checkbox\"\/><label class=\"inline\" for=\"r0c0m2i9\"> Acepto la suscripci\u00f3n a la newsletter sobre novedades y art\u00edculos de mi inter\u00e9s<\/label><\/span><br \/>\n<span class=\"bee-form-option-wrapper\"><input id=\"r0c0m2i10\" name=\"boolean_4\" type=\"checkbox\" required=\"\"\/><label class=\"inline\" for=\"r0c0m2i10\"> Acepto los <a href=\"\nhttp:\/\/bpxport.es\/aviso-legal\"\ntarget=\"_blank\"> aviso legal <\/a>y <a href=\"\nhttp:\/\/bpxport.es\/politica-de-privacidad\/\"\ntarget=\"_blank\">pol\u00edtica de privacidad<\/a> pol\u00edtica de privacidad<\/label><\/span><br \/>\n\t\t\t <!-- Do not delete the following fields, is important in order to protect you from spam :) \n                                No borres los siguientes campos, es importante para protegerte del spam :)  -->\n                   \n\t\t\t \n                        <input type=\"text\" name=\"a965466c\" tabindex=\"-1\" value=\"\" style=\"position: absolute; left: -4900px;\" aria-hidden=\"true\" id=\"a965466c\" autocomplete=\"off\"\/>\n                        <br \/>\n\t\t\t \n                        <input type=\"email\" name=\"b965466c\" tabindex=\"-1\" value=\"\" style=\"position: absolute; left: -5000px;\" aria-hidden=\"true\" id=\"b965466c\" autocomplete=\"off\"\/>\n                        <br \/>\n\t\t\t \n                        <input type=\"checkbox\" name=\"c965466c\" tabindex=\"-1\" style=\"position: absolute; left: -5100px;\" aria-hidden=\"true\" id=\"c965466c\" autocomplete=\"off\"\/>\n                        <br \/>\n\t\t<\/div>\n\t<\/div>\n\t<input type=\"hidden\" name=\"ok_redirect\" id=\"id_redirect\" value=\"http:\/\/bpxport.es\/gracias\/\">\n\t<input type=\"submit\" value=\"Enviar\" class=\"yourButtonCustomStyle\">\n<\/form>\n<!-- End Form --><\/div><\/div><\/div><\/div><\/div><\/div><\/div>","protected":false},"excerpt":{"rendered":"<p>Consigue tu prueba de 1 d\u00eda GRATIS Si eres mayor de 16 a\u00f1os y quieres conocer nuestro centro\u00a0BPXport, d\u00e9janos tus &#8230; <a title=\"Prueba gratis 1 d\u00eda\" class=\"read-more\" href=\"http:\/\/bpxport.es\/es\/prueba-gratis-1-dia\/\" aria-label=\"Leer m\u00e1s sobre Prueba gratis 1 d\u00eda\">Leer m\u00e1s<\/a><\/p>\n","protected":false},"author":2,"featured_media":0,"parent":0,"menu_order":0,"comment_status":"closed","ping_status":"closed","template":"","meta":{"_acf_changed":false,"footnotes":""},"categories":[],"tags":[],"class_list":["post-11725","page","type-page","status-publish"],"acf":[],"_links":{"self":[{"href":"https:\/\/bpxport.es\/es\/wp-json\/wp\/v2\/pages\/11725","targetHints":{"allow":["GET"]}}],"collection":[{"href":"https:\/\/bpxport.es\/es\/wp-json\/wp\/v2\/pages"}],"about":[{"href":"https:\/\/bpxport.es\/es\/wp-json\/wp\/v2\/types\/page"}],"author":[{"embeddable":true,"href":"https:\/\/bpxport.es\/es\/wp-json\/wp\/v2\/users\/2"}],"replies":[{"embeddable":true,"href":"https:\/\/bpxport.es\/es\/wp-json\/wp\/v2\/comments?post=11725"}],"version-history":[{"count":39,"href":"https:\/\/bpxport.es\/es\/wp-json\/wp\/v2\/pages\/11725\/revisions"}],"predecessor-version":[{"id":13040,"href":"https:\/\/bpxport.es\/es\/wp-json\/wp\/v2\/pages\/11725\/revisions\/13040"}],"wp:attachment":[{"href":"https:\/\/bpxport.es\/es\/wp-json\/wp\/v2\/media?parent=11725"}],"wp:term":[{"taxonomy":"category","embeddable":true,"href":"https:\/\/bpxport.es\/es\/wp-json\/wp\/v2\/categories?post=11725"},{"taxonomy":"post_tag","embeddable":true,"href":"https:\/\/bpxport.es\/es\/wp-json\/wp\/v2\/tags?post=11725"}],"curies":[{"name":"wp","href":"https:\/\/api.w.org\/{rel}","templated":true}]}}