{"id":11994,"date":"2024-09-10T13:47:12","date_gmt":"2024-09-10T13:47:12","guid":{"rendered":"https:\/\/www.bpxport.es\/?page_id=11994"},"modified":"2024-10-02T16:22:48","modified_gmt":"2024-10-02T16:22:48","slug":"comenzamos","status":"publish","type":"page","link":"http:\/\/bpxport.es\/es\/comenzamos\/","title":{"rendered":"Primeros pasos"},"content":{"rendered":"<div id=\"pl-11994\"  class=\"panel-layout\" ><div id=\"pg-11994-0\"  class=\"panel-grid panel-no-style\" ><div id=\"pgc-11994-0-0\"  class=\"panel-grid-cell\" ><div id=\"panel-11994-0-0-0\" class=\"so-panel widget widget_sow-image panel-first-child panel-last-child\" data-index=\"0\" ><div\n\t\t\t\n\t\t\tclass=\"so-widget-sow-image so-widget-sow-image-default-8b5b6f678277-11994\"\n\t\t\t\n\t\t>\n<div class=\"sow-image-container\">\n\t\t<img \n\tsrc=\"https:\/\/bpxport.es\/wp-content\/uploads\/2024\/10\/entrando-en-bpx-300x200.jpg\" width=\"300\" height=\"200\" srcset=\"https:\/\/bpxport.es\/wp-content\/uploads\/2024\/10\/entrando-en-bpx-300x200.jpg 300w, https:\/\/bpxport.es\/wp-content\/uploads\/2024\/10\/entrando-en-bpx-768x511.jpg 768w, https:\/\/bpxport.es\/wp-content\/uploads\/2024\/10\/entrando-en-bpx-272x182.jpg 272w, https:\/\/bpxport.es\/wp-content\/uploads\/2024\/10\/entrando-en-bpx-720x480.jpg 720w, https:\/\/bpxport.es\/wp-content\/uploads\/2024\/10\/entrando-en-bpx-950x630.jpg 950w, https:\/\/bpxport.es\/wp-content\/uploads\/2024\/10\/entrando-en-bpx.jpg 1000w\" sizes=\"(max-width: 300px) 100vw, 300px\" title=\"entrando en bpx\" alt=\"Entrando en BPX\" \t\tclass=\"so-widget-image\"\/>\n\t<\/div>\n\n<\/div><\/div><\/div><div id=\"pgc-11994-0-1\"  class=\"panel-grid-cell\" ><div id=\"panel-11994-0-1-0\" class=\"so-panel widget widget_sow-editor panel-first-child panel-last-child\" data-index=\"1\" ><div\n\t\t\t\n\t\t\tclass=\"so-widget-sow-editor so-widget-sow-editor-base\"\n\t\t\t\n\t\t>\n<div class=\"siteorigin-widget-tinymce textwidget\">\n\t<h3><strong>Los preparativos<\/strong><\/h3>\n<p>Las mejores vacaciones comienzan en casa, preparando la maleta mientras piensas en todas las maravillas que conocer\u00e1s y las experiencias que vivir\u00e1s. Por eso, aqu\u00ed tienes nuestra gu\u00eda para que prepares bien tu maleta en este viaje hacia una vida saludable. De esta forma, no te faltar\u00e1 nada y disfrutar\u00e1s de cada etapa de este fant\u00e1stico camino.<\/p>\n<p><strong>La ropa<\/strong><\/p>\n<p>Prepara ropa deportiva transpirable y calzado deportivo limpio (no el que usas en la calle), idealmente con buena amortiguaci\u00f3n. Si tu centro tiene zona acu\u00e1tica (piscinas, spa, etc.), necesitar\u00e1s ba\u00f1ador (para las mujeres puede ser de dos piezas), gorro de ba\u00f1o y zapatillas de goma para desplazarte por el \u00e1rea de agua.<\/p>\n<p><strong>La bolsa<\/strong><\/p>\n<p>Adem\u00e1s de todo lo que necesites para tu higiene personal, te resultar\u00e1n muy \u00fatiles algunos elementos adicionales: una toalla (es obligatoria en todos los espacios y actividades deportivas), un candado (o pulsera identificativa en algunos centros) para la taquilla, as\u00ed como una botella de agua para mantenerte hidratado.<\/p>\n<h3><strong>El primer d\u00eda<\/strong><\/h3>\n<p>En primer lugar, dir\u00edgete a recepci\u00f3n y ponte tu pulsera BPX. Ac\u00e9rcala al lector de los tornos en la entrada, y el torniquete se abrir\u00e1 autom\u00e1ticamente. Luego, ve a tu vestuario. Es el momento de cambiarte: ponte la ropa y calzado deportivo limpio, o el ba\u00f1ador y las chancletas si vas a la piscina. Guarda tu bolsa en una taquilla y ci\u00e9rrala con tu candado. Para objetos peque\u00f1os como el m\u00f3vil o la cartera, en muchos centros hay taquillas especiales. Si en alg\u00fan momento tienes dudas o necesitas ayuda, no dudes en consultarnos. Estaremos siempre a tu disposici\u00f3n.<\/p>\n<p><strong>La sala de fitness y las actividades dirigidas<\/strong><\/p>\n<p>En la sala de fitness siempre habr\u00e1 alguien para orientarte y resolver tus dudas. B\u00fascanos en la sala, y te propondremos un plan de entrenamiento individual. Adem\u00e1s tienes a tu disposici\u00f3n muchas actividades grupales. Desde Aquagym hasta Ciclo, encontrar\u00e1s opciones para todos los gustos. Adem\u00e1s, hay muchos horarios disponibles para que puedas elegir el que m\u00e1s te convenga.<\/p>\n<p>Para participar en estas actividades, puedes hacer una reserva en los quioscos o desde la APP (AQU\u00cd tienes m\u00e1s informaci\u00f3n). Al acceder a la sala, aseg\u00farate de confirmar tu asistencia pasando tu pulsera por el punto de marcaje. Por \u00faltimo, recuerda: toalla, zapatos deportivos limpios, ropa transpirable y muchas ganas de pasarlo bien son todo lo que necesitas. Tambi\u00e9n, es importante ser puntual para disfrutar la clase completa. Si es tu primera vez, avisa al t\u00e9cnico\/a y d\u00e9jate aconsejar.<\/p>\n<\/div>\n<\/div><\/div><\/div><\/div><div id=\"pg-11994-1\"  class=\"panel-grid panel-no-style\" ><div id=\"pgc-11994-1-0\"  class=\"panel-grid-cell panel-grid-cell-empty\" ><\/div><\/div><\/div>","protected":false},"excerpt":{"rendered":"<p>Los preparativos Las mejores vacaciones comienzan en casa, preparando la maleta mientras piensas en todas las maravillas que conocer\u00e1s y &#8230; <a title=\"Primeros pasos\" class=\"read-more\" href=\"http:\/\/bpxport.es\/es\/comenzamos\/\" aria-label=\"Leer m\u00e1s sobre Primeros pasos\">Leer m\u00e1s<\/a><\/p>\n","protected":false},"author":2,"featured_media":0,"parent":0,"menu_order":0,"comment_status":"closed","ping_status":"closed","template":"","meta":{"_acf_changed":false,"footnotes":""},"categories":[],"tags":[],"class_list":["post-11994","page","type-page","status-publish"],"acf":[],"_links":{"self":[{"href":"https:\/\/bpxport.es\/es\/wp-json\/wp\/v2\/pages\/11994","targetHints":{"allow":["GET"]}}],"collection":[{"href":"https:\/\/bpxport.es\/es\/wp-json\/wp\/v2\/pages"}],"about":[{"href":"https:\/\/bpxport.es\/es\/wp-json\/wp\/v2\/types\/page"}],"author":[{"embeddable":true,"href":"https:\/\/bpxport.es\/es\/wp-json\/wp\/v2\/users\/2"}],"replies":[{"embeddable":true,"href":"https:\/\/bpxport.es\/es\/wp-json\/wp\/v2\/comments?post=11994"}],"version-history":[{"count":11,"href":"https:\/\/bpxport.es\/es\/wp-json\/wp\/v2\/pages\/11994\/revisions"}],"predecessor-version":[{"id":12290,"href":"https:\/\/bpxport.es\/es\/wp-json\/wp\/v2\/pages\/11994\/revisions\/12290"}],"wp:attachment":[{"href":"https:\/\/bpxport.es\/es\/wp-json\/wp\/v2\/media?parent=11994"}],"wp:term":[{"taxonomy":"category","embeddable":true,"href":"https:\/\/bpxport.es\/es\/wp-json\/wp\/v2\/categories?post=11994"},{"taxonomy":"post_tag","embeddable":true,"href":"https:\/\/bpxport.es\/es\/wp-json\/wp\/v2\/tags?post=11994"}],"curies":[{"name":"wp","href":"https:\/\/api.w.org\/{rel}","templated":true}]}}